{"id":321,"date":"2014-12-27T02:59:34","date_gmt":"2014-12-27T00:59:34","guid":{"rendered":"http:\/\/charis-foundation.local\/?page_id=321"},"modified":"2023-11-17T04:57:22","modified_gmt":"2023-11-17T04:57:22","slug":"doneaza","status":"publish","type":"page","link":"https:\/\/charisfoundationromania.org\/ro\/doneaza\/","title":{"rendered":"Doneaz\u0103"},"content":{"rendered":"<h1 style=\"text-align: center;\">V\u00e3 invit\u00e3m s\u00e3 fi\u021bi parte a misiunii noastre!<\/h1>\n<p align=\"center\"><em><span style=\"font-family: Arial;\">Avem nevoie de sprijinul dumneavoastr\u00e3 ca proiectele noastre s\u00e3 devin\u00e3 realitate.<\/span><\/em><\/p>\n<p style=\"text-align: justify;\" align=\"center\">Puteti ajuta Funda\u021bia Charis s\u00e3-\u0219i \u00eemplineasc\u00e3 misiunea, scopul \u0219i obiectivele prin urm\u00e3toarele c\u00e3i:<\/p>\n<ul style=\"text-align: justify;\">\n<li>Sprijinind financiar unul dintre proiectele sau programele noastre prin transfer bancar<\/li>\n<\/ul>\n<div style=\"width: 60%; margin: 10px auto; border: 1px dashed black; padding: 10px;\">\n<p style=\"text-align: left;\"><strong>CHARIS &#8211; FUNDA\u021aIA CRE\u0218TIN\u0102 DE BINEFACERE<\/strong><br \/>\nBor\u0219, S\u00e2ntion, Bihor, Rom\u00e2nia<\/p>\n<p style=\"text-align: left;\"><strong>Cont Bancar<\/strong>: RO46BRDE050SV03290760500 (RON)<\/p>\n<p style=\"text-align: left;\"><strong>Banca:<\/strong> Banca Rom\u00e2n\u0103 de Dezvoltare &#8211; Group Societe Generale<\/p>\n<p style=\"text-align: left;\"><strong>Cod Swift:<\/strong> BRDEROBU<\/p>\n<p style=\"text-align: left;\"><strong>Cod Bancar:<\/strong> 303055024<\/p>\n<p style=\"text-align: left;\"><strong>Adres\u0103 Banc\u0103:<\/strong> Transilvaniei nr.10, Oradea, Bihor, Rom\u00e2nia.<\/p>\n<\/div>\n<ul style=\"text-align: justify;\">\n<li>Implic\u00e2ndu-te \u00een unul din <a href=\"https:\/\/charisfoundationromania.org\/ro\/programe\/\">programele<\/a> noastre<\/li>\n<li>Fii partenerul nostru \u00een rug\u0103ciune!<\/li>\n<\/ul>\n<p style=\"text-align: center;\"><span style=\"color: #000000;\">NE PUTE\u021aI SPIJINI\u00a0<strong>DIREC\u021aION\u00c2ND 3,5% DIN IMPOZITUL PE VENIT<\/strong> SPRE <strong>FUNDA\u021aIA<\/strong> <strong>CHARIS<\/strong>. COMPLETEAZ\u0102\u00a0<strong>DECLARATIA 230 SAU 200<\/strong> (DUP\u0102 CAZ) \u0218I TRIMITE-O LA ANAF P\u00c2N\u0102 PE 15 MAI: <a href=\"https:\/\/formular230.ro\/fundatia-charis-fundatia-crestina-de-binefacere-din-romania\">230_CHARIS<\/a><\/span><\/p>\n<p style=\"text-align: center;\"><img data-recalc-dims=\"1\" loading=\"lazy\" decoding=\"async\" class=\"aligncenter wp-image-2474\" src=\"https:\/\/i0.wp.com\/charisfoundationromania.org\/wp-content\/uploads\/2022\/03\/275255692_481065163607925_1290353964731881118_n.jpg?resize=500%2C500&#038;ssl=1\" alt=\"Doneaza 3.5%\" width=\"500\" height=\"500\" srcset=\"https:\/\/i0.wp.com\/charisfoundationromania.org\/wp-content\/uploads\/2022\/03\/275255692_481065163607925_1290353964731881118_n.jpg?resize=300%2C300&amp;ssl=1 300w, https:\/\/i0.wp.com\/charisfoundationromania.org\/wp-content\/uploads\/2022\/03\/275255692_481065163607925_1290353964731881118_n.jpg?resize=1024%2C1024&amp;ssl=1 1024w, https:\/\/i0.wp.com\/charisfoundationromania.org\/wp-content\/uploads\/2022\/03\/275255692_481065163607925_1290353964731881118_n.jpg?resize=150%2C150&amp;ssl=1 150w, https:\/\/i0.wp.com\/charisfoundationromania.org\/wp-content\/uploads\/2022\/03\/275255692_481065163607925_1290353964731881118_n.jpg?resize=768%2C768&amp;ssl=1 768w, https:\/\/i0.wp.com\/charisfoundationromania.org\/wp-content\/uploads\/2022\/03\/275255692_481065163607925_1290353964731881118_n.jpg?resize=1536%2C1536&amp;ssl=1 1536w, https:\/\/i0.wp.com\/charisfoundationromania.org\/wp-content\/uploads\/2022\/03\/275255692_481065163607925_1290353964731881118_n.jpg?w=2048&amp;ssl=1 2048w\" sizes=\"auto, (max-width: 500px) 100vw, 500px\" \/><\/p>\n<p>&nbsp;<\/p>\n<p style=\"text-align: center;\"><em><span style=\"color: #000000;\"><strong>V\u0102 MUL\u021aUMIM PENTRU SPRIJIN!<\/strong><\/span><\/em><\/p>\n<hr \/>\n<p>Charis &#8211; Funda\u021bia Cre\u0219tin\u0103 de Binefacere * <span class=\"ui-provider br dh axx caw cax cay caz cba cbb cbc cbd cbe cbf cbg cbh cbi cbj cbk cbl cbm cbn cbo cbp cbq cbr cbs cbt cbu cbv cbw cbx cby cbz cca ccb\" dir=\"ltr\">Registru ONG. 3902\/B\/1991<\/span> * <span class=\"ui-provider br dh axx caw cax cay caz cba cbb cbc cbd cbe cbf cbg cbh cbi cbj cbk cbl cbm cbn cbo cbp cbq cbr cbs cbt cbu cbv cbw cbx cby cbz cca ccb\" dir=\"ltr\">Codul de identificare fiscal\u0103: 5227021<\/span><\/p>\n","protected":false},"excerpt":{"rendered":"<p>V\u00e3 invit\u00e3m s\u00e3 fi\u021bi parte a misiunii noastre! Avem nevoie de sprijinul dumneavoastr\u00e3 ca proiectele noastre s\u00e3 devin\u00e3 realitate. Puteti ajuta Funda\u021bia Charis s\u00e3-\u0219i \u00eemplineasc\u00e3 misiunea, scopul \u0219i obiectivele prin urm\u00e3toarele c\u00e3i: Sprijinind financiar unul dintre proiectele sau programele noastre prin transfer bancar CHARIS &#8211; FUNDA\u021aIA CRE\u0218TIN\u0102 DE BINEFACERE Bor\u0219, S\u00e2ntion, Bihor, Rom\u00e2nia Cont Bancar: [&hellip;]<\/p>\n","protected":false},"author":1,"featured_media":0,"parent":0,"menu_order":0,"comment_status":"open","ping_status":"open","template":"","meta":{"om_disable_all_campaigns":false,"_monsterinsights_skip_tracking":false,"_monsterinsights_sitenote_active":false,"_monsterinsights_sitenote_note":"","_monsterinsights_sitenote_category":0,"_uf_show_specific_survey":0,"_uf_disable_surveys":false,"_genesis_hide_title":false,"_genesis_hide_breadcrumbs":false,"_genesis_hide_singular_image":false,"_genesis_hide_footer_widgets":false,"_genesis_custom_body_class":"","_genesis_custom_post_class":"","_genesis_layout":"full-width-content","advanced_seo_description":"","jetpack_seo_html_title":"","jetpack_seo_noindex":false,"footnotes":""},"class_list":{"0":"post-321","1":"page","2":"type-page","3":"status-publish","5":"entry","6":"has-post-thumbnail"},"jetpack_sharing_enabled":true,"jetpack-related-posts":[],"_links":{"self":[{"href":"https:\/\/charisfoundationromania.org\/ro\/wp-json\/wp\/v2\/pages\/321","targetHints":{"allow":["GET"]}}],"collection":[{"href":"https:\/\/charisfoundationromania.org\/ro\/wp-json\/wp\/v2\/pages"}],"about":[{"href":"https:\/\/charisfoundationromania.org\/ro\/wp-json\/wp\/v2\/types\/page"}],"author":[{"embeddable":true,"href":"https:\/\/charisfoundationromania.org\/ro\/wp-json\/wp\/v2\/users\/1"}],"replies":[{"embeddable":true,"href":"https:\/\/charisfoundationromania.org\/ro\/wp-json\/wp\/v2\/comments?post=321"}],"version-history":[{"count":10,"href":"https:\/\/charisfoundationromania.org\/ro\/wp-json\/wp\/v2\/pages\/321\/revisions"}],"predecessor-version":[{"id":3486,"href":"https:\/\/charisfoundationromania.org\/ro\/wp-json\/wp\/v2\/pages\/321\/revisions\/3486"}],"wp:attachment":[{"href":"https:\/\/charisfoundationromania.org\/ro\/wp-json\/wp\/v2\/media?parent=321"}],"curies":[{"name":"wp","href":"https:\/\/api.w.org\/{rel}","templated":true}]}}